{"id":258,"date":"2026-02-27T15:53:30","date_gmt":"2026-02-27T15:53:30","guid":{"rendered":"https:\/\/yeyart.hr\/?page_id=258"},"modified":"2026-03-12T19:34:23","modified_gmt":"2026-03-12T19:34:23","slug":"moja-prica","status":"publish","type":"page","link":"https:\/\/yeyart.hr\/index.php\/moja-prica\/","title":{"rendered":"Moja pri\u010da"},"content":{"rendered":"\t\t<div data-elementor-type=\"wp-page\" data-elementor-id=\"258\" class=\"elementor elementor-258\">\n\t\t\t\t<div class=\"elementor-element elementor-element-265c41c e-con-full e-flex e-con e-parent\" data-id=\"265c41c\" data-element_type=\"container\" data-e-type=\"container\" data-settings=\"{&quot;background_background&quot;:&quot;classic&quot;}\">\n\t\t<div class=\"elementor-element elementor-element-59e4ac1 e-con-full e-flex e-con e-child\" data-id=\"59e4ac1\" data-element_type=\"container\" data-e-type=\"container\" data-settings=\"{&quot;background_background&quot;:&quot;classic&quot;}\">\n\t\t\t\t<div class=\"elementor-element elementor-element-e4e8d16 elementor-widget elementor-widget-heading\" data-id=\"e4e8d16\" data-element_type=\"widget\" data-e-type=\"widget\" data-widget_type=\"heading.default\">\n\t\t\t\t\t<h2 class=\"elementor-heading-title elementor-size-default\">Jagodina pri\u010da<\/h2>\t\t\t\t<\/div>\n\t\t\t\t<div class=\"elementor-element elementor-element-f195da4 elementor-widget elementor-widget-text-editor\" data-id=\"f195da4\" data-element_type=\"widget\" data-e-type=\"widget\" data-widget_type=\"text-editor.default\">\n\t\t\t\t\t\t\t\t\t<p>Biljke, posebno cvije\u0107e nigdje ne zaobilazim, bilo da su u vrtu ili u nekoj tegli. Ako su u tegli, velikoj, maloj, svejedno je. Do\u017eivljaj je jednako lijep, te divne naran\u010daste posude s veselim i \u0161arenim sadr\u017eajem u meni stvaraju radost. Jednog dana mi je sinula super ideja. Upisat \u0107u se na te\u010daj keramike. Sigurno ne\u0107u odmah napraviti \u017eardinjeru, ali svakako \u0161alicu ili tanjuri\u0107 \u0107u mo\u0107i. I tako sam krenula.<\/p><p>Odmah na po\u010detku sam nau\u010dila da stvari koje se mogu napraviti glinom, i tehnika koje to omogu\u0107avaju, ima bezbroj. Od nakita, raznih figurica, suvenira, vaza, \u0107upova, tegli za cvije\u0107e, \u0161alica, tanjura, zdjela, \u017elica, pa do pravih umjetni\u010dkih djela, statua. Ovisno o interesu. Jako zanimljivo, nastavila sam istra\u017eivati.<\/p><p>Kad sam prvi put dobila priliku da sjednem za lon\u010darsko kolo, shvatila sam da \u0107e to biti, ako ne za cijeli \u017eivot, onda sigurno za neko vrijeme, moj interes. Zato jer je magi\u010dno. Radost tokom same izrade, dotjerivanja, cijelog procesa i na kraju susreta s gotovim proizvodom ne prestaje.<\/p><p>Veliku \u017eardinjeru za moj balkon jo\u0161 nisam napravila. Ni umivaonik. Jednog dana \u0107u \u2026 sigurno. Ne \u017eurim, u\u017eivam u onome \u0161to radim, istra\u017eujem, otkrivam novo i usavr\u0161avam nau\u010deno.<\/p>\t\t\t\t\t\t\t\t<\/div>\n\t\t\t\t<\/div>\n\t\t<div class=\"elementor-element elementor-element-e5f5413 e-con-full e-flex e-con e-child\" data-id=\"e5f5413\" data-element_type=\"container\" data-e-type=\"container\" data-settings=\"{&quot;background_background&quot;:&quot;classic&quot;}\">\n\t\t\t\t<\/div>\n\t\t\t\t<\/div>\n\t\t<div class=\"elementor-element elementor-element-4c1a157 e-flex e-con-boxed e-con e-parent\" data-id=\"4c1a157\" data-element_type=\"container\" data-e-type=\"container\" data-settings=\"{&quot;background_background&quot;:&quot;classic&quot;}\">\n\t\t\t\t\t<div class=\"e-con-inner\">\n\t\t\t\t<div class=\"elementor-element elementor-element-07b4dc1 elementor-widget elementor-widget-heading\" data-id=\"07b4dc1\" data-element_type=\"widget\" data-e-type=\"widget\" data-widget_type=\"heading.default\">\n\t\t\t\t\t<h2 class=\"elementor-heading-title elementor-size-default\">Za\u0161to Yeyart<\/h2>\t\t\t\t<\/div>\n\t\t\t\t<div class=\"elementor-element elementor-element-14af049 elementor-widget elementor-widget-text-editor\" data-id=\"14af049\" data-element_type=\"widget\" data-e-type=\"widget\" data-widget_type=\"text-editor.default\">\n\t\t\t\t\t\t\t\t\t<p>Volim svoje ime, jagode su lijepe, slatke i zdrave. Ali mom bratu, kada je bio jako mali, to nije bilo lako za izgovoriti, pa si je olak\u0161ao posao i prozvao mene i sestru Yeya. Njegova djeca su nastavila istu tradiciju, pa sam ja i ostala Yeya. I svi koji me dobro poznaju i vole, zovu me tako. Kada sam smi\u0161ljala ime s kojim \u0107u predstavljati ono \u0161to radim, nisam trebala puno razmi\u0161ljati. Ekipa iz Smajlija, vjerni pratioci od po\u010detka moje kerami\u010dke pustolovine (jedan Adem, jedna Jasna, jedan Marko, jedna Ivana, jedan Tin i jedna Nika) je jednoglasno odlu\u010dila: Yeyart, to je to. A Nino i potvrdio.<\/p>\t\t\t\t\t\t\t\t<\/div>\n\t\t\t\t\t<\/div>\n\t\t\t\t<\/div>\n\t\t<div class=\"elementor-element elementor-element-a544b0f e-con-full e-flex e-con e-parent\" data-id=\"a544b0f\" data-element_type=\"container\" data-e-type=\"container\">\n\t\t\t\t<div class=\"elementor-element elementor-element-1682a9a elementor-widget elementor-widget-heading\" data-id=\"1682a9a\" data-element_type=\"widget\" data-e-type=\"widget\" data-widget_type=\"heading.default\">\n\t\t\t\t\t<h2 class=\"elementor-heading-title elementor-size-default\">Kontakt\n<\/h2>\t\t\t\t<\/div>\n\t\t\t\t<div class=\"elementor-element elementor-element-a138add elementor-widget elementor-widget-icon-box\" data-id=\"a138add\" data-element_type=\"widget\" data-e-type=\"widget\" data-widget_type=\"icon-box.default\">\n\t\t\t\t\t\t\t<div class=\"elementor-icon-box-wrapper\">\n\n\t\t\t\n\t\t\t\t\t\t<div class=\"elementor-icon-box-content\">\n\n\t\t\t\t\t\t\t\t\t<h3 class=\"elementor-icon-box-title\">\n\t\t\t\t\t\t<span  >\n\t\t\t\t\t\t\tinfo@yeyart.hr\t\t\t\t\t\t<\/span>\n\t\t\t\t\t<\/h3>\n\t\t\t\t\n\t\t\t\t\n\t\t\t<\/div>\n\t\t\t\n\t\t<\/div>\n\t\t\t\t\t\t<\/div>\n\t\t\t\t<div class=\"elementor-element elementor-element-f834be5 elementor-widget elementor-widget-icon-box\" data-id=\"f834be5\" data-element_type=\"widget\" data-e-type=\"widget\" data-widget_type=\"icon-box.default\">\n\t\t\t\t\t\t\t<div class=\"elementor-icon-box-wrapper\">\n\n\t\t\t\n\t\t\t\t\t\t<div class=\"elementor-icon-box-content\">\n\n\t\t\t\t\t\t\t\t\t<h3 class=\"elementor-icon-box-title\">\n\t\t\t\t\t\t<span  >\n\t\t\t\t\t\t\t+ 385 98 309 991\t\t\t\t\t\t<\/span>\n\t\t\t\t\t<\/h3>\n\t\t\t\t\n\t\t\t\t\n\t\t\t<\/div>\n\t\t\t\n\t\t<\/div>\n\t\t\t\t\t\t<\/div>\n\t\t\t\t<\/div>\n\t\t\t\t<\/div>\n\t\t","protected":false},"excerpt":{"rendered":"<p>Jagodina pri\u010da Biljke, posebno cvije\u0107e nigdje ne zaobilazim, bilo da su u vrtu ili u nekoj tegli. Ako su u [&hellip;]<\/p>\n","protected":false},"author":1,"featured_media":0,"parent":0,"menu_order":0,"comment_status":"closed","ping_status":"closed","template":"elementor_header_footer","meta":{"site-sidebar-layout":"default","site-content-layout":"","ast-site-content-layout":"full-width-container","site-content-style":"default","site-sidebar-style":"default","ast-global-header-display":"","ast-banner-title-visibility":"","ast-main-header-display":"","ast-hfb-above-header-display":"","ast-hfb-below-header-display":"","ast-hfb-mobile-header-display":"","site-post-title":"","ast-breadcrumbs-content":"","ast-featured-img":"","footer-sml-layout":"","ast-disable-related-posts":"","theme-transparent-header-meta":"enabled","adv-header-id-meta":"","stick-header-meta":"","header-above-stick-meta":"","header-main-stick-meta":"","header-below-stick-meta":"","astra-migrate-meta-layouts":"set","ast-page-background-enabled":"default","ast-page-background-meta":{"desktop":{"background-color":"var(--ast-global-color-5)","background-image":"","background-repeat":"repeat","background-position":"center center","background-size":"auto","background-attachment":"scroll","background-type":"","background-media":"","overlay-type":"","overlay-color":"","overlay-opacity":"","overlay-gradient":""},"tablet":{"background-color":"","background-image":"","background-repeat":"repeat","background-position":"center center","background-size":"auto","background-attachment":"scroll","background-type":"","background-media":"","overlay-type":"","overlay-color":"","overlay-opacity":"","overlay-gradient":""},"mobile":{"background-color":"","background-image":"","background-repeat":"repeat","background-position":"center center","background-size":"auto","background-attachment":"scroll","background-type":"","background-media":"","overlay-type":"","overlay-color":"","overlay-opacity":"","overlay-gradient":""}},"ast-content-background-meta":{"desktop":{"background-color":"var(--ast-global-color-4)","background-image":"","background-repeat":"repeat","background-position":"center center","background-size":"auto","background-attachment":"scroll","background-type":"","background-media":"","overlay-type":"","overlay-color":"","overlay-opacity":"","overlay-gradient":""},"tablet":{"background-color":"var(--ast-global-color-4)","background-image":"","background-repeat":"repeat","background-position":"center center","background-size":"auto","background-attachment":"scroll","background-type":"","background-media":"","overlay-type":"","overlay-color":"","overlay-opacity":"","overlay-gradient":""},"mobile":{"background-color":"var(--ast-global-color-4)","background-image":"","background-repeat":"repeat","background-position":"center center","background-size":"auto","background-attachment":"scroll","background-type":"","background-media":"","overlay-type":"","overlay-color":"","overlay-opacity":"","overlay-gradient":""}},"footnotes":""},"class_list":["post-258","page","type-page","status-publish","hentry"],"_links":{"self":[{"href":"https:\/\/yeyart.hr\/index.php\/wp-json\/wp\/v2\/pages\/258","targetHints":{"allow":["GET"]}}],"collection":[{"href":"https:\/\/yeyart.hr\/index.php\/wp-json\/wp\/v2\/pages"}],"about":[{"href":"https:\/\/yeyart.hr\/index.php\/wp-json\/wp\/v2\/types\/page"}],"author":[{"embeddable":true,"href":"https:\/\/yeyart.hr\/index.php\/wp-json\/wp\/v2\/users\/1"}],"replies":[{"embeddable":true,"href":"https:\/\/yeyart.hr\/index.php\/wp-json\/wp\/v2\/comments?post=258"}],"version-history":[{"count":47,"href":"https:\/\/yeyart.hr\/index.php\/wp-json\/wp\/v2\/pages\/258\/revisions"}],"predecessor-version":[{"id":796,"href":"https:\/\/yeyart.hr\/index.php\/wp-json\/wp\/v2\/pages\/258\/revisions\/796"}],"wp:attachment":[{"href":"https:\/\/yeyart.hr\/index.php\/wp-json\/wp\/v2\/media?parent=258"}],"curies":[{"name":"wp","href":"https:\/\/api.w.org\/{rel}","templated":true}]}}