{"id":287,"date":"2026-02-20T14:05:56","date_gmt":"2026-02-20T14:05:56","guid":{"rendered":"https:\/\/yeyart.hr\/?page_id=287"},"modified":"2026-03-13T08:57:56","modified_gmt":"2026-03-13T08:57:56","slug":"home","status":"publish","type":"page","link":"https:\/\/yeyart.hr\/","title":{"rendered":"HOME"},"content":{"rendered":"\t\t<div data-elementor-type=\"wp-page\" data-elementor-id=\"287\" class=\"elementor elementor-287\">\n\t\t\t\t<div class=\"elementor-element elementor-element-e17f7e6 e-con-full e-flex e-con e-parent\" data-id=\"e17f7e6\" data-element_type=\"container\" data-e-type=\"container\" data-settings=\"{&quot;background_background&quot;:&quot;classic&quot;}\">\n\t\t\t\t<div class=\"elementor-element elementor-element-2e69eb7 elementor-invisible elementor-widget elementor-widget-heading\" data-id=\"2e69eb7\" data-element_type=\"widget\" data-e-type=\"widget\" data-settings=\"{&quot;_animation&quot;:&quot;fadeInUp&quot;}\" data-widget_type=\"heading.default\">\n\t\t\t\t\t<h2 class=\"elementor-heading-title elementor-size-default\">Jedna mala manufaktura<\/h2>\t\t\t\t<\/div>\n\t\t\t\t<\/div>\n\t\t<div class=\"elementor-element elementor-element-1ca18c3 e-flex e-con-boxed e-con e-parent\" data-id=\"1ca18c3\" data-element_type=\"container\" data-e-type=\"container\">\n\t\t\t\t\t<div class=\"e-con-inner\">\n\t\t\t\t<div class=\"elementor-element elementor-element-3b87368 elementor-widget elementor-widget-text-editor\" data-id=\"3b87368\" data-element_type=\"widget\" data-e-type=\"widget\" data-widget_type=\"text-editor.default\">\n\t\t\t\t\t\t\t\t\t<p>Pri\u010da o Yeyartu po\u010dela je kao hobby, igra i zabava. Krajem 2022. godine\u00a0 slu\u017ebeno je i osnovana s namjerom da ostane igra i zabava koja \u0107e prezentirati male i vesele kolekcije kerami\u010dkih proizvoda. Autenti\u010dnih. Pod ovim imenom se izra\u0111uju tanjuri\u0107i, zdjele, zdjelice, \u0161alice, vaze, posudice za umake, teglice za cvije\u0107e i jo\u0161 mnogo toga. Ni jedan predmet nije isti, svaki je malo ili vi\u0161e druga\u010diji, ali zajedno \u010dine sklad, tako ih vidi njihova stvarateljica.<\/p>\t\t\t\t\t\t\t\t<\/div>\n\t\t\t\t<div class=\"elementor-element elementor-element-77100f3 elementor-widget elementor-widget-text-editor\" data-id=\"77100f3\" data-element_type=\"widget\" data-e-type=\"widget\" data-widget_type=\"text-editor.default\">\n\t\t\t\t\t\t\t\t\t<p>Ono \u0161to je zajedni\u010dko svakom komadu jest da je izra\u0111en s puno pa\u017enje, ljubavi i namjere da spoji funkcionalnost i estetiku.<\/p><p>Yeyart izra\u0111uje proizvode za vas koji \u017eelite u \u017eivot unijeti boje i radost kroz unikatne i ru\u010dno izra\u0111ene kerami\u010dke predmete za svakodnevnu upotrebu.<\/p>\t\t\t\t\t\t\t\t<\/div>\n\t\t\t\t\t<\/div>\n\t\t\t\t<\/div>\n\t\t<div class=\"elementor-element elementor-element-97bfc23 elementor-hidden-desktop elementor-hidden-tablet elementor-hidden-mobile e-flex e-con-boxed e-con e-parent\" data-id=\"97bfc23\" data-element_type=\"container\" data-e-type=\"container\">\n\t\t\t\t\t<div class=\"e-con-inner\">\n\t\t<div class=\"elementor-element elementor-element-1279ddb e-con-full e-flex e-con e-child\" data-id=\"1279ddb\" data-element_type=\"container\" data-e-type=\"container\" data-settings=\"{&quot;background_background&quot;:&quot;classic&quot;}\">\n\t\t\t\t<div class=\"elementor-element elementor-element-7ca9860 elementor-widget elementor-widget-text-editor\" data-id=\"7ca9860\" data-element_type=\"widget\" data-e-type=\"widget\" data-widget_type=\"text-editor.default\">\n\t\t\t\t\t\t\t\t\t<p>Jedna mala manufaktura<\/p>\t\t\t\t\t\t\t\t<\/div>\n\t\t\t\t<div class=\"elementor-element elementor-element-135d6ed elementor-widget elementor-widget-text-editor\" data-id=\"135d6ed\" data-element_type=\"widget\" data-e-type=\"widget\" data-widget_type=\"text-editor.default\">\n\t\t\t\t\t\t\t\t\t<p>Pri\u010da o Yeyartu po\u010dela je kao hobby, igra i zabava. Krajem 2022. godine\u00a0 slu\u017ebeno je i osnovana s namjerom da ostane igra i zabava koja \u0107e prezentirati male i vesele kolekcije kerami\u010dkih proizvoda. Autenti\u010dnih. Pod ovim imenom se izra\u0111uju tanjuri\u0107i, zdjele, zdjelice, \u0161alice, vaze, posudice za umake, teglice za cvije\u0107e i jo\u0161 mnogo toga. Ni jedan predmet nije isti, svaki je malo ili vi\u0161e druga\u010diji, ali zajedno \u010dine sklad, tako ih vidi njihova stvarateljica.<\/p>\t\t\t\t\t\t\t\t<\/div>\n\t\t\t\t<div class=\"elementor-element elementor-element-8bbf95e elementor-widget elementor-widget-text-editor\" data-id=\"8bbf95e\" data-element_type=\"widget\" data-e-type=\"widget\" data-widget_type=\"text-editor.default\">\n\t\t\t\t\t\t\t\t\t<p>Ono \u0161to je zajedni\u010dko svakom komadu jest da je izra\u0111en s puno pa\u017enje, ljubavi i namjere da spoji funkcionalnost i estetiku.<\/p><p>Yeyart izra\u0111uje proizvode za one koji \u017eele u \u017eivot unijeti boje i radost kroz unikatne i ru\u010dno izra\u0111ene kerami\u010dke predmete za svakodnevnu upotrebu.<\/p>\t\t\t\t\t\t\t\t<\/div>\n\t\t\t\t<\/div>\n\t\t<div class=\"elementor-element elementor-element-b30d116 e-con-full e-flex e-con e-child\" data-id=\"b30d116\" data-element_type=\"container\" data-e-type=\"container\">\n\t\t\t\t<\/div>\n\t\t\t\t\t<\/div>\n\t\t\t\t<\/div>\n\t\t<div class=\"elementor-element elementor-element-a59904c e-flex e-con-boxed e-con e-parent\" data-id=\"a59904c\" data-element_type=\"container\" data-e-type=\"container\">\n\t\t\t\t\t<div class=\"e-con-inner\">\n\t\t<div class=\"elementor-element elementor-element-2e856ee e-con-full e-flex e-con e-child\" data-id=\"2e856ee\" data-element_type=\"container\" data-e-type=\"container\">\n\t\t\t\t<div class=\"elementor-element elementor-element-f61e7ed elementor-widget elementor-widget-heading\" data-id=\"f61e7ed\" data-element_type=\"widget\" data-e-type=\"widget\" data-widget_type=\"heading.default\">\n\t\t\t\t\t<h2 class=\"elementor-heading-title elementor-size-default\">Pretra\u017ei kolekcije\n<\/h2>\t\t\t\t<\/div>\n\t\t\t\t<\/div>\n\t\t\t\t\t<\/div>\n\t\t\t\t<\/div>\n\t\t<div class=\"elementor-element elementor-element-141067b e-flex e-con-boxed elementor-invisible e-con e-parent\" data-id=\"141067b\" data-element_type=\"container\" data-e-type=\"container\" data-settings=\"{&quot;animation&quot;:&quot;fadeInUp&quot;}\">\n\t\t\t\t\t<div class=\"e-con-inner\">\n\t\t<div class=\"elementor-element elementor-element-d1e1000 e-con-full e-flex e-con e-child\" data-id=\"d1e1000\" data-element_type=\"container\" data-e-type=\"container\">\n\t\t\t\t<div class=\"elementor-element elementor-element-e66962c elementor-widget elementor-widget-image\" data-id=\"e66962c\" data-element_type=\"widget\" data-e-type=\"widget\" data-widget_type=\"image.default\">\n\t\t\t\t\t\t\t\t\t\t\t\t\t\t\t\t<a href=\"https:\/\/yeyart.hr\/index.php\/radost-kroz-boje-2\/\">\n\t\t\t\t\t\t\t<img fetchpriority=\"high\" decoding=\"async\" width=\"1024\" height=\"768\" src=\"https:\/\/yeyart.hr\/wp-content\/uploads\/2026\/02\/leptir-1024x768.jpg\" class=\"attachment-large size-large wp-image-21\" alt=\"\" srcset=\"https:\/\/yeyart.hr\/wp-content\/uploads\/2026\/02\/leptir-1024x768.jpg 1024w, https:\/\/yeyart.hr\/wp-content\/uploads\/2026\/02\/leptir-300x225.jpg 300w, https:\/\/yeyart.hr\/wp-content\/uploads\/2026\/02\/leptir-768x576.jpg 768w, https:\/\/yeyart.hr\/wp-content\/uploads\/2026\/02\/leptir-1536x1152.jpg 1536w, https:\/\/yeyart.hr\/wp-content\/uploads\/2026\/02\/leptir-2048x1536.jpg 2048w\" sizes=\"(max-width: 1024px) 100vw, 1024px\" \/>\t\t\t\t\t\t\t\t<\/a>\n\t\t\t\t\t\t\t\t\t\t\t\t\t\t\t<\/div>\n\t\t\t\t<div class=\"elementor-element elementor-element-db49a35 elementor-align-center elementor-widget elementor-widget-button\" data-id=\"db49a35\" data-element_type=\"widget\" data-e-type=\"widget\" data-widget_type=\"button.default\">\n\t\t\t\t\t\t\t\t\t\t<a class=\"elementor-button elementor-button-link elementor-size-sm\" href=\"https:\/\/yeyart.hr\/index.php\/radost-kroz-boje-2\/\">\n\t\t\t\t\t\t<span class=\"elementor-button-content-wrapper\">\n\t\t\t\t\t\t\t\t\t<span class=\"elementor-button-text\">Radost kroz boje<\/span>\n\t\t\t\t\t<\/span>\n\t\t\t\t\t<\/a>\n\t\t\t\t\t\t\t\t<\/div>\n\t\t\t\t<\/div>\n\t\t<div class=\"elementor-element elementor-element-f77822c e-con-full e-flex e-con e-child\" data-id=\"f77822c\" data-element_type=\"container\" data-e-type=\"container\">\n\t\t\t\t<div class=\"elementor-element elementor-element-8137b53 elementor-widget elementor-widget-image\" data-id=\"8137b53\" data-element_type=\"widget\" data-e-type=\"widget\" data-widget_type=\"image.default\">\n\t\t\t\t\t\t\t\t\t\t\t\t\t\t\t\t<a href=\"https:\/\/yeyart.hr\/index.php\/more-je-najljepse\/\">\n\t\t\t\t\t\t\t<img decoding=\"async\" width=\"1024\" height=\"768\" src=\"https:\/\/yeyart.hr\/wp-content\/uploads\/2026\/02\/20260108_184433-1024x768.jpg\" class=\"attachment-large size-large wp-image-19\" alt=\"\" srcset=\"https:\/\/yeyart.hr\/wp-content\/uploads\/2026\/02\/20260108_184433-1024x768.jpg 1024w, https:\/\/yeyart.hr\/wp-content\/uploads\/2026\/02\/20260108_184433-300x225.jpg 300w, https:\/\/yeyart.hr\/wp-content\/uploads\/2026\/02\/20260108_184433-768x576.jpg 768w, https:\/\/yeyart.hr\/wp-content\/uploads\/2026\/02\/20260108_184433-1536x1152.jpg 1536w, https:\/\/yeyart.hr\/wp-content\/uploads\/2026\/02\/20260108_184433-2048x1536.jpg 2048w\" sizes=\"(max-width: 1024px) 100vw, 1024px\" \/>\t\t\t\t\t\t\t\t<\/a>\n\t\t\t\t\t\t\t\t\t\t\t\t\t\t\t<\/div>\n\t\t\t\t<div class=\"elementor-element elementor-element-17ee064 elementor-align-center elementor-widget elementor-widget-button\" data-id=\"17ee064\" data-element_type=\"widget\" data-e-type=\"widget\" data-widget_type=\"button.default\">\n\t\t\t\t\t\t\t\t\t\t<a class=\"elementor-button elementor-button-link elementor-size-sm\" href=\"https:\/\/yeyart.hr\/index.php\/more-je-najljepse\/\">\n\t\t\t\t\t\t<span class=\"elementor-button-content-wrapper\">\n\t\t\t\t\t\t\t\t\t<span class=\"elementor-button-text\">More je najljep\u0161e<\/span>\n\t\t\t\t\t<\/span>\n\t\t\t\t\t<\/a>\n\t\t\t\t\t\t\t\t<\/div>\n\t\t\t\t<\/div>\n\t\t<div class=\"elementor-element elementor-element-4cfa80b e-con-full e-flex e-con e-child\" data-id=\"4cfa80b\" data-element_type=\"container\" data-e-type=\"container\">\n\t\t\t\t<div class=\"elementor-element elementor-element-ff12af3 elementor-widget elementor-widget-image\" data-id=\"ff12af3\" data-element_type=\"widget\" data-e-type=\"widget\" data-widget_type=\"image.default\">\n\t\t\t\t\t\t\t\t\t\t\t\t\t\t\t\t<a href=\"https:\/\/yeyart.hr\/index.php\/novi-izazovi\/\">\n\t\t\t\t\t\t\t<img decoding=\"async\" width=\"1024\" height=\"768\" src=\"https:\/\/yeyart.hr\/wp-content\/uploads\/2026\/02\/20260110_184106-1024x768.jpg\" class=\"attachment-large size-large wp-image-20\" alt=\"\" srcset=\"https:\/\/yeyart.hr\/wp-content\/uploads\/2026\/02\/20260110_184106-1024x768.jpg 1024w, https:\/\/yeyart.hr\/wp-content\/uploads\/2026\/02\/20260110_184106-300x225.jpg 300w, https:\/\/yeyart.hr\/wp-content\/uploads\/2026\/02\/20260110_184106-768x576.jpg 768w, https:\/\/yeyart.hr\/wp-content\/uploads\/2026\/02\/20260110_184106-1536x1152.jpg 1536w, https:\/\/yeyart.hr\/wp-content\/uploads\/2026\/02\/20260110_184106-2048x1536.jpg 2048w\" sizes=\"(max-width: 1024px) 100vw, 1024px\" \/>\t\t\t\t\t\t\t\t<\/a>\n\t\t\t\t\t\t\t\t\t\t\t\t\t\t\t<\/div>\n\t\t\t\t<div class=\"elementor-element elementor-element-ab253c2 elementor-align-center elementor-widget elementor-widget-button\" data-id=\"ab253c2\" data-element_type=\"widget\" data-e-type=\"widget\" data-widget_type=\"button.default\">\n\t\t\t\t\t\t\t\t\t\t<a class=\"elementor-button elementor-button-link elementor-size-sm\" href=\"https:\/\/yeyart.hr\/index.php\/novi-izazovi\/\">\n\t\t\t\t\t\t<span class=\"elementor-button-content-wrapper\">\n\t\t\t\t\t\t\t\t\t<span class=\"elementor-button-text\">Novi izazovi<\/span>\n\t\t\t\t\t<\/span>\n\t\t\t\t\t<\/a>\n\t\t\t\t\t\t\t\t<\/div>\n\t\t\t\t<\/div>\n\t\t\t\t\t<\/div>\n\t\t\t\t<\/div>\n\t\t<div class=\"elementor-element elementor-element-8878863 e-con-full e-flex e-con e-parent\" data-id=\"8878863\" data-element_type=\"container\" data-e-type=\"container\">\n\t\t\t\t<div class=\"elementor-element elementor-element-cc2342a elementor-widget elementor-widget-heading\" data-id=\"cc2342a\" data-element_type=\"widget\" data-e-type=\"widget\" data-widget_type=\"heading.default\">\n\t\t\t\t\t<h2 class=\"elementor-heading-title elementor-size-default\">Kontakt\n<\/h2>\t\t\t\t<\/div>\n\t\t\t\t<div class=\"elementor-element elementor-element-eb3d33e elementor-widget elementor-widget-icon-box\" data-id=\"eb3d33e\" data-element_type=\"widget\" data-e-type=\"widget\" data-widget_type=\"icon-box.default\">\n\t\t\t\t\t\t\t<div class=\"elementor-icon-box-wrapper\">\n\n\t\t\t\n\t\t\t\t\t\t<div class=\"elementor-icon-box-content\">\n\n\t\t\t\t\t\t\t\t\t<h3 class=\"elementor-icon-box-title\">\n\t\t\t\t\t\t<span  >\n\t\t\t\t\t\t\tinfo@yeyart.hr\t\t\t\t\t\t<\/span>\n\t\t\t\t\t<\/h3>\n\t\t\t\t\n\t\t\t\t\n\t\t\t<\/div>\n\t\t\t\n\t\t<\/div>\n\t\t\t\t\t\t<\/div>\n\t\t\t\t<div class=\"elementor-element elementor-element-ae4a081 elementor-widget elementor-widget-icon-box\" data-id=\"ae4a081\" data-element_type=\"widget\" data-e-type=\"widget\" data-widget_type=\"icon-box.default\">\n\t\t\t\t\t\t\t<div class=\"elementor-icon-box-wrapper\">\n\n\t\t\t\n\t\t\t\t\t\t<div class=\"elementor-icon-box-content\">\n\n\t\t\t\t\t\t\t\t\t<h3 class=\"elementor-icon-box-title\">\n\t\t\t\t\t\t<span  >\n\t\t\t\t\t\t\t+ 385 98 309 991\t\t\t\t\t\t<\/span>\n\t\t\t\t\t<\/h3>\n\t\t\t\t\n\t\t\t\t\n\t\t\t<\/div>\n\t\t\t\n\t\t<\/div>\n\t\t\t\t\t\t<\/div>\n\t\t\t\t<\/div>\n\t\t\t\t<\/div>\n\t\t","protected":false},"excerpt":{"rendered":"<p>Jedna mala manufaktura Pri\u010da o Yeyartu po\u010dela je kao hobby, igra i zabava. Krajem 2022. godine\u00a0 slu\u017ebeno je i osnovana [&hellip;]<\/p>\n","protected":false},"author":1,"featured_media":0,"parent":0,"menu_order":0,"comment_status":"closed","ping_status":"closed","template":"elementor_header_footer","meta":{"site-sidebar-layout":"no-sidebar","site-content-layout":"","ast-site-content-layout":"full-width-container","site-content-style":"default","site-sidebar-style":"default","ast-global-header-display":"","ast-banner-title-visibility":"","ast-main-header-display":"","ast-hfb-above-header-display":"","ast-hfb-below-header-display":"","ast-hfb-mobile-header-display":"","site-post-title":"","ast-breadcrumbs-content":"","ast-featured-img":"disabled","footer-sml-layout":"","ast-disable-related-posts":"","theme-transparent-header-meta":"default","adv-header-id-meta":"","stick-header-meta":"","header-above-stick-meta":"","header-main-stick-meta":"","header-below-stick-meta":"","astra-migrate-meta-layouts":"set","ast-page-background-enabled":"default","ast-page-background-meta":{"desktop":{"background-color":"var(--ast-global-color-5)","background-image":"","background-repeat":"repeat","background-position":"center center","background-size":"auto","background-attachment":"scroll","background-type":"","background-media":"","overlay-type":"","overlay-color":"","overlay-opacity":"","overlay-gradient":""},"tablet":{"background-color":"","background-image":"","background-repeat":"repeat","background-position":"center center","background-size":"auto","background-attachment":"scroll","background-type":"","background-media":"","overlay-type":"","overlay-color":"","overlay-opacity":"","overlay-gradient":""},"mobile":{"background-color":"","background-image":"","background-repeat":"repeat","background-position":"center center","background-size":"auto","background-attachment":"scroll","background-type":"","background-media":"","overlay-type":"","overlay-color":"","overlay-opacity":"","overlay-gradient":""}},"ast-content-background-meta":{"desktop":{"background-color":"var(--ast-global-color-4)","background-image":"","background-repeat":"repeat","background-position":"center center","background-size":"auto","background-attachment":"scroll","background-type":"","background-media":"","overlay-type":"","overlay-color":"","overlay-opacity":"","overlay-gradient":""},"tablet":{"background-color":"var(--ast-global-color-4)","background-image":"","background-repeat":"repeat","background-position":"center center","background-size":"auto","background-attachment":"scroll","background-type":"","background-media":"","overlay-type":"","overlay-color":"","overlay-opacity":"","overlay-gradient":""},"mobile":{"background-color":"var(--ast-global-color-4)","background-image":"","background-repeat":"repeat","background-position":"center center","background-size":"auto","background-attachment":"scroll","background-type":"","background-media":"","overlay-type":"","overlay-color":"","overlay-opacity":"","overlay-gradient":""}},"footnotes":""},"class_list":["post-287","page","type-page","status-publish","hentry"],"_links":{"self":[{"href":"https:\/\/yeyart.hr\/index.php\/wp-json\/wp\/v2\/pages\/287","targetHints":{"allow":["GET"]}}],"collection":[{"href":"https:\/\/yeyart.hr\/index.php\/wp-json\/wp\/v2\/pages"}],"about":[{"href":"https:\/\/yeyart.hr\/index.php\/wp-json\/wp\/v2\/types\/page"}],"author":[{"embeddable":true,"href":"https:\/\/yeyart.hr\/index.php\/wp-json\/wp\/v2\/users\/1"}],"replies":[{"embeddable":true,"href":"https:\/\/yeyart.hr\/index.php\/wp-json\/wp\/v2\/comments?post=287"}],"version-history":[{"count":82,"href":"https:\/\/yeyart.hr\/index.php\/wp-json\/wp\/v2\/pages\/287\/revisions"}],"predecessor-version":[{"id":810,"href":"https:\/\/yeyart.hr\/index.php\/wp-json\/wp\/v2\/pages\/287\/revisions\/810"}],"wp:attachment":[{"href":"https:\/\/yeyart.hr\/index.php\/wp-json\/wp\/v2\/media?parent=287"}],"curies":[{"name":"wp","href":"https:\/\/api.w.org\/{rel}","templated":true}]}}