{"id":476,"date":"2026-02-28T12:05:27","date_gmt":"2026-02-28T12:05:27","guid":{"rendered":"https:\/\/yeyart.hr\/?page_id=476"},"modified":"2026-03-10T20:29:37","modified_gmt":"2026-03-10T20:29:37","slug":"podaci-o-obrtu","status":"publish","type":"page","link":"https:\/\/yeyart.hr\/index.php\/podaci-o-obrtu\/","title":{"rendered":"Podaci o obrtu"},"content":{"rendered":"\t\t<div data-elementor-type=\"wp-page\" data-elementor-id=\"476\" class=\"elementor elementor-476\">\n\t\t\t\t<div class=\"elementor-element elementor-element-d02a187 e-con-full e-flex e-con e-parent\" data-id=\"d02a187\" data-element_type=\"container\" data-e-type=\"container\">\n\t\t<div class=\"elementor-element elementor-element-de8f037 e-con-full e-flex e-con e-child\" data-id=\"de8f037\" data-element_type=\"container\" data-e-type=\"container\">\n\t\t\t\t<div class=\"elementor-element elementor-element-e6f9471 elementor-widget elementor-widget-heading\" data-id=\"e6f9471\" data-element_type=\"widget\" data-e-type=\"widget\" data-widget_type=\"heading.default\">\n\t\t\t\t\t<h2 class=\"elementor-heading-title elementor-size-default\">Podaci o obrtu <\/h2>\t\t\t\t<\/div>\n\t\t\t\t<div class=\"elementor-element elementor-element-069aaa0 elementor-widget elementor-widget-text-editor\" data-id=\"069aaa0\" data-element_type=\"widget\" data-e-type=\"widget\" data-widget_type=\"text-editor.default\">\n\t\t\t\t\t\t\t\t\t<p>Naziv obrta: YEYART, OBRT ZA PROIZVODNJU<\/p><p>Vlasnik: Jagoda Liki\u0107<\/p><p>Sjedi\u0161te: Ivekovi\u0107eva ulica 17, ZAGREB, 10000, Zagreb, Hrvatska<\/p><p>OIB: 24807286301<\/p><p>Mati\u010dni broj obrta: 98500708<\/p><p>Email: <a href=\"mailto:info@yeyart.hr\">info@yeyart.hr<\/a><\/p><p>Podaci o registraciji: Republika Hrvatska; Grad Zagreb; Gradski ured za gospodarstvo, ekolo\u0161ku odr\u017eivost i strategijsko planiranje, Sektor za gospodarstvo, poduzetni\u0161tvo, turizam i investicije; Odjel za gospodarske djelatnosti i rad; Odsjek za obrtni registar, evidenciju kolektivnih ugovora i registar udruga sindikata i poslodavaca; Klasa: UP\/I-311-02\/22-001\/2753, Urbroj: 251-06-11-1\/005-22-3, Zagreb, 22.11.2022. Republika Hrvatska; Obrtnica broj 21010151308, datum po\u010detka obavljanja obrta 22.11.2022.; Djelatnost: 32.99 \u2013 proizvodnja predmeta za uspomenu<\/p><p>Podaci o banci (IBAN): PBZ d.d., IBAN: HR1923400093200681339<\/p><p><strong>\u00a0<\/strong><\/p>\t\t\t\t\t\t\t\t<\/div>\n\t\t\t\t<\/div>\n\t\t\t\t<\/div>\n\t\t\t\t<\/div>\n\t\t","protected":false},"excerpt":{"rendered":"<p>Podaci o obrtu Naziv obrta: YEYART, OBRT ZA PROIZVODNJU Vlasnik: Jagoda Liki\u0107 Sjedi\u0161te: Ivekovi\u0107eva ulica 17, ZAGREB, 10000, Zagreb, Hrvatska [&hellip;]<\/p>\n","protected":false},"author":1,"featured_media":0,"parent":0,"menu_order":0,"comment_status":"closed","ping_status":"closed","template":"elementor_header_footer","meta":{"site-sidebar-layout":"no-sidebar","site-content-layout":"","ast-site-content-layout":"full-width-container","site-content-style":"default","site-sidebar-style":"default","ast-global-header-display":"","ast-banner-title-visibility":"","ast-main-header-display":"","ast-hfb-above-header-display":"","ast-hfb-below-header-display":"","ast-hfb-mobile-header-display":"","site-post-title":"","ast-breadcrumbs-content":"","ast-featured-img":"disabled","footer-sml-layout":"","ast-disable-related-posts":"","theme-transparent-header-meta":"default","adv-header-id-meta":"","stick-header-meta":"","header-above-stick-meta":"","header-main-stick-meta":"","header-below-stick-meta":"","astra-migrate-meta-layouts":"set","ast-page-background-enabled":"default","ast-page-background-meta":{"desktop":{"background-color":"var(--ast-global-color-5)","background-image":"","background-repeat":"repeat","background-position":"center center","background-size":"auto","background-attachment":"scroll","background-type":"","background-media":"","overlay-type":"","overlay-color":"","overlay-opacity":"","overlay-gradient":""},"tablet":{"background-color":"","background-image":"","background-repeat":"repeat","background-position":"center center","background-size":"auto","background-attachment":"scroll","background-type":"","background-media":"","overlay-type":"","overlay-color":"","overlay-opacity":"","overlay-gradient":""},"mobile":{"background-color":"","background-image":"","background-repeat":"repeat","background-position":"center center","background-size":"auto","background-attachment":"scroll","background-type":"","background-media":"","overlay-type":"","overlay-color":"","overlay-opacity":"","overlay-gradient":""}},"ast-content-background-meta":{"desktop":{"background-color":"var(--ast-global-color-4)","background-image":"","background-repeat":"repeat","background-position":"center center","background-size":"auto","background-attachment":"scroll","background-type":"","background-media":"","overlay-type":"","overlay-color":"","overlay-opacity":"","overlay-gradient":""},"tablet":{"background-color":"var(--ast-global-color-4)","background-image":"","background-repeat":"repeat","background-position":"center center","background-size":"auto","background-attachment":"scroll","background-type":"","background-media":"","overlay-type":"","overlay-color":"","overlay-opacity":"","overlay-gradient":""},"mobile":{"background-color":"var(--ast-global-color-4)","background-image":"","background-repeat":"repeat","background-position":"center center","background-size":"auto","background-attachment":"scroll","background-type":"","background-media":"","overlay-type":"","overlay-color":"","overlay-opacity":"","overlay-gradient":""}},"footnotes":""},"class_list":["post-476","page","type-page","status-publish","hentry"],"_links":{"self":[{"href":"https:\/\/yeyart.hr\/index.php\/wp-json\/wp\/v2\/pages\/476","targetHints":{"allow":["GET"]}}],"collection":[{"href":"https:\/\/yeyart.hr\/index.php\/wp-json\/wp\/v2\/pages"}],"about":[{"href":"https:\/\/yeyart.hr\/index.php\/wp-json\/wp\/v2\/types\/page"}],"author":[{"embeddable":true,"href":"https:\/\/yeyart.hr\/index.php\/wp-json\/wp\/v2\/users\/1"}],"replies":[{"embeddable":true,"href":"https:\/\/yeyart.hr\/index.php\/wp-json\/wp\/v2\/comments?post=476"}],"version-history":[{"count":10,"href":"https:\/\/yeyart.hr\/index.php\/wp-json\/wp\/v2\/pages\/476\/revisions"}],"predecessor-version":[{"id":633,"href":"https:\/\/yeyart.hr\/index.php\/wp-json\/wp\/v2\/pages\/476\/revisions\/633"}],"wp:attachment":[{"href":"https:\/\/yeyart.hr\/index.php\/wp-json\/wp\/v2\/media?parent=476"}],"curies":[{"name":"wp","href":"https:\/\/api.w.org\/{rel}","templated":true}]}}